{"id":5489,"date":"2023-12-28T14:01:41","date_gmt":"2023-12-28T12:01:41","guid":{"rendered":"https:\/\/ftgkallefall.com\/?post_type=product&#038;p=5489"},"modified":"2025-06-01T06:54:04","modified_gmt":"2025-06-01T04:54:04","slug":"3t-rotatorlank-bromsad","status":"publish","type":"product","link":"https:\/\/ftgkallefall.com\/sv\/produkt\/3t-rotatorlank-bromsad\/","title":{"rendered":"3t rotatorl\u00e4nk (bromsad)"},"content":{"rendered":"<p>Rotatorl\u00e4nkar anv\u00e4nds f\u00f6r att koppla ihop kranspetsen med rotator och gripskopa.<\/p>\n<p>L\u00e4nkar med broms \u00e4r n\u00f6dv\u00e4ndiga f\u00f6r tyngre applikationer som kr\u00e4ver sv\u00e4ngd\u00e4mpning.<\/p>\n<p>Rotatorl\u00e4nk F60440-1B passar till rotator CR300.<\/p>\n","protected":false},"excerpt":{"rendered":"<p>F\u00f6r rotator CR300<\/p>\n","protected":false},"featured_media":5490,"comment_status":"open","ping_status":"closed","template":"","meta":{"_acf_changed":false,"inline_featured_image":false},"product_cat":[219,224],"product_tag":[],"acf":[],"_links":{"self":[{"href":"https:\/\/ftgkallefall.com\/sv\/wp-json\/wp\/v2\/product\/5489"}],"collection":[{"href":"https:\/\/ftgkallefall.com\/sv\/wp-json\/wp\/v2\/product"}],"about":[{"href":"https:\/\/ftgkallefall.com\/sv\/wp-json\/wp\/v2\/types\/product"}],"replies":[{"embeddable":true,"href":"https:\/\/ftgkallefall.com\/sv\/wp-json\/wp\/v2\/comments?post=5489"}],"wp:featuredmedia":[{"embeddable":true,"href":"https:\/\/ftgkallefall.com\/sv\/wp-json\/wp\/v2\/media\/5490"}],"wp:attachment":[{"href":"https:\/\/ftgkallefall.com\/sv\/wp-json\/wp\/v2\/media?parent=5489"}],"wp:term":[{"taxonomy":"product_cat","embeddable":true,"href":"https:\/\/ftgkallefall.com\/sv\/wp-json\/wp\/v2\/product_cat?post=5489"},{"taxonomy":"product_tag","embeddable":true,"href":"https:\/\/ftgkallefall.com\/sv\/wp-json\/wp\/v2\/product_tag?post=5489"}],"curies":[{"name":"wp","href":"https:\/\/api.w.org\/{rel}","templated":true}]}}