{"id":5491,"date":"2023-12-28T14:04:11","date_gmt":"2023-12-28T12:04:11","guid":{"rendered":"https:\/\/ftgkallefall.com\/?post_type=product&#038;p=5491"},"modified":"2025-06-01T06:56:15","modified_gmt":"2025-06-01T04:56:15","slug":"4t-rotatorlank-bromsad","status":"publish","type":"product","link":"https:\/\/ftgkallefall.com\/sv\/produkt\/4t-rotatorlank-bromsad\/","title":{"rendered":"4t rotatorl\u00e4nk (bromsad)"},"content":{"rendered":"<p>Rotatorl\u00e4nkar anv\u00e4nds f\u00f6r att koppla ihop kranspetsen med rotator och gripskopa.<\/p>\n<p>Bromsade l\u00e4nkar \u00e4r n\u00f6dv\u00e4ndiga f\u00f6r tyngre applikationer som kr\u00e4ver sv\u00e4ngd\u00e4mpning.<\/p>\n<p>Rotatorl\u00e4nk F70440-400-0 passar till rotator CR400.<\/p>\n","protected":false},"excerpt":{"rendered":"<p>F\u00f6r rotator CR400<\/p>\n","protected":false},"featured_media":5492,"comment_status":"open","ping_status":"closed","template":"","meta":{"_acf_changed":false,"inline_featured_image":false},"product_cat":[219,224],"product_tag":[],"acf":[],"_links":{"self":[{"href":"https:\/\/ftgkallefall.com\/sv\/wp-json\/wp\/v2\/product\/5491"}],"collection":[{"href":"https:\/\/ftgkallefall.com\/sv\/wp-json\/wp\/v2\/product"}],"about":[{"href":"https:\/\/ftgkallefall.com\/sv\/wp-json\/wp\/v2\/types\/product"}],"replies":[{"embeddable":true,"href":"https:\/\/ftgkallefall.com\/sv\/wp-json\/wp\/v2\/comments?post=5491"}],"wp:featuredmedia":[{"embeddable":true,"href":"https:\/\/ftgkallefall.com\/sv\/wp-json\/wp\/v2\/media\/5492"}],"wp:attachment":[{"href":"https:\/\/ftgkallefall.com\/sv\/wp-json\/wp\/v2\/media?parent=5491"}],"wp:term":[{"taxonomy":"product_cat","embeddable":true,"href":"https:\/\/ftgkallefall.com\/sv\/wp-json\/wp\/v2\/product_cat?post=5491"},{"taxonomy":"product_tag","embeddable":true,"href":"https:\/\/ftgkallefall.com\/sv\/wp-json\/wp\/v2\/product_tag?post=5491"}],"curies":[{"name":"wp","href":"https:\/\/api.w.org\/{rel}","templated":true}]}}