{"id":5732,"date":"2025-06-16T13:17:46","date_gmt":"2025-06-16T11:17:46","guid":{"rendered":"https:\/\/ftgkallefall.com\/?post_type=product&#038;p=5732"},"modified":"2025-06-21T10:16:08","modified_gmt":"2025-06-21T08:16:08","slug":"huggarvagn-fb30d-copy","status":"publish","type":"product","link":"https:\/\/ftgkallefall.com\/sv\/produkt\/huggarvagn-fb30d-copy\/","title":{"rendered":"Huggarvagn FB30D (Copy)"},"content":{"rendered":"<p>FB30D \u00e4r en enaxlad huggarvagn som i standardutf\u00f6rande \u00e4r utrustad med dubbelram, stabil grind, fast rak dragst\u00e5ng, utan styrning (topp- eller bottenkoppling), teleskopiska A-st\u00f6dben med inv\u00e4ndiga cylindrar, h\u00e5llare f\u00f6r ventilpaket, st\u00e4nkskydd f\u00f6r d\u00e4cken, fasta st\u00f6ttor, \u00f6glor f\u00f6r sp\u00e4nnband, 2 bakre bankar f\u00f6r tv\u00e4rg\u00e5ende lastning, fast monterade LED-bakljus, 8 raka stakar i 4 par, 11,5\/80-15,3-d\u00e4ck med r\u00e4fflad profil och ventilskydd. Skogskranen FB42L har en vridmotor med dubbla cylindrar, l\u00e4nksystem i kn\u00e4leden och levereras med 3 tons rotator, obromsad l\u00e4nk, anslutning av hydraulslangar till rotator och grip FB120.<\/p>\n","protected":false},"excerpt":{"rendered":"<p>Lastkapacitet 3 ton, med en max. till\u00e5ten totalvikt upp till 5 ton<\/p>\n","protected":false},"featured_media":5745,"comment_status":"closed","ping_status":"closed","template":"","meta":{"_acf_changed":false,"inline_featured_image":false},"product_cat":[15],"product_tag":[],"acf":[],"_links":{"self":[{"href":"https:\/\/ftgkallefall.com\/sv\/wp-json\/wp\/v2\/product\/5732"}],"collection":[{"href":"https:\/\/ftgkallefall.com\/sv\/wp-json\/wp\/v2\/product"}],"about":[{"href":"https:\/\/ftgkallefall.com\/sv\/wp-json\/wp\/v2\/types\/product"}],"replies":[{"embeddable":true,"href":"https:\/\/ftgkallefall.com\/sv\/wp-json\/wp\/v2\/comments?post=5732"}],"wp:featuredmedia":[{"embeddable":true,"href":"https:\/\/ftgkallefall.com\/sv\/wp-json\/wp\/v2\/media\/5745"}],"wp:attachment":[{"href":"https:\/\/ftgkallefall.com\/sv\/wp-json\/wp\/v2\/media?parent=5732"}],"wp:term":[{"taxonomy":"product_cat","embeddable":true,"href":"https:\/\/ftgkallefall.com\/sv\/wp-json\/wp\/v2\/product_cat?post=5732"},{"taxonomy":"product_tag","embeddable":true,"href":"https:\/\/ftgkallefall.com\/sv\/wp-json\/wp\/v2\/product_tag?post=5732"}],"curies":[{"name":"wp","href":"https:\/\/api.w.org\/{rel}","templated":true}]}}