{"id":6746,"date":"2025-09-26T08:45:11","date_gmt":"2025-09-26T06:45:11","guid":{"rendered":"https:\/\/ftgkallefall.com\/?post_type=product&#038;p=6746"},"modified":"2025-12-15T14:32:59","modified_gmt":"2025-12-15T12:32:59","slug":"2-cut-carried-road-grader","status":"publish","type":"product","link":"https:\/\/ftgkallefall.com\/sv\/produkt\/2-cut-carried-road-grader\/","title":{"rendered":"2-sk\u00e4rig buren v\u00e4gsladd"},"content":{"rendered":"<p>V\u00e4gsladd med 2 sk\u00e4r plus str\u00e4ngspridare. H\u00f6ga blad g\u00f6r det m\u00f6jligt att ta med st\u00f6rre m\u00e4ngder grus. Perfekt \u00e4ven f\u00f6r dig som har en lite mindre eller \u00e4ldre traktor.<\/p>\n","protected":false},"excerpt":{"rendered":"<p>V\u00e4gsladd med 2 sk\u00e4r plus str\u00e4ngspridare. H\u00f6ga blad g\u00f6r det m\u00f6jligt att ta med st\u00f6rre m\u00e4ngder grus. Perfekt \u00e4ven f\u00f6r dig som har en lite mindre eller \u00e4ldre traktor.<\/p>\n","protected":false},"featured_media":6739,"comment_status":"closed","ping_status":"closed","template":"","meta":{"_acf_changed":false,"inline_featured_image":false},"product_cat":[260],"product_tag":[],"acf":[],"_links":{"self":[{"href":"https:\/\/ftgkallefall.com\/sv\/wp-json\/wp\/v2\/product\/6746"}],"collection":[{"href":"https:\/\/ftgkallefall.com\/sv\/wp-json\/wp\/v2\/product"}],"about":[{"href":"https:\/\/ftgkallefall.com\/sv\/wp-json\/wp\/v2\/types\/product"}],"replies":[{"embeddable":true,"href":"https:\/\/ftgkallefall.com\/sv\/wp-json\/wp\/v2\/comments?post=6746"}],"wp:featuredmedia":[{"embeddable":true,"href":"https:\/\/ftgkallefall.com\/sv\/wp-json\/wp\/v2\/media\/6739"}],"wp:attachment":[{"href":"https:\/\/ftgkallefall.com\/sv\/wp-json\/wp\/v2\/media?parent=6746"}],"wp:term":[{"taxonomy":"product_cat","embeddable":true,"href":"https:\/\/ftgkallefall.com\/sv\/wp-json\/wp\/v2\/product_cat?post=6746"},{"taxonomy":"product_tag","embeddable":true,"href":"https:\/\/ftgkallefall.com\/sv\/wp-json\/wp\/v2\/product_tag?post=6746"}],"curies":[{"name":"wp","href":"https:\/\/api.w.org\/{rel}","templated":true}]}}