{"id":6794,"date":"2025-09-26T10:55:20","date_gmt":"2025-09-26T08:55:20","guid":{"rendered":"https:\/\/ftgkallefall.com\/?post_type=product&#038;p=6794"},"modified":"2025-12-15T12:20:33","modified_gmt":"2025-12-15T10:20:33","slug":"3-skarig-bogserad-vagsladd","status":"publish","type":"product","link":"https:\/\/ftgkallefall.com\/sv\/produkt\/3-skarig-bogserad-vagsladd\/","title":{"rendered":"3-sk\u00e4rig bogserad v\u00e4gsladd"},"content":{"rendered":"<p>3-sk\u00e4rig bogserad v\u00e4gsladd med hydraulisk ramstyrning och str\u00e4ngspridare med st\u00e4llbart b\u00e4rhjul.<\/p>\n","protected":false},"excerpt":{"rendered":"<p>3-sk\u00e4rig bogserad v\u00e4gsladd med hydraulisk ramstyrning och str\u00e4ngspridare med st\u00e4llbart b\u00e4rhjul.<\/p>\n","protected":false},"featured_media":6762,"comment_status":"closed","ping_status":"closed","template":"","meta":{"_acf_changed":false,"inline_featured_image":false},"product_cat":[260],"product_tag":[],"acf":[],"_links":{"self":[{"href":"https:\/\/ftgkallefall.com\/sv\/wp-json\/wp\/v2\/product\/6794"}],"collection":[{"href":"https:\/\/ftgkallefall.com\/sv\/wp-json\/wp\/v2\/product"}],"about":[{"href":"https:\/\/ftgkallefall.com\/sv\/wp-json\/wp\/v2\/types\/product"}],"replies":[{"embeddable":true,"href":"https:\/\/ftgkallefall.com\/sv\/wp-json\/wp\/v2\/comments?post=6794"}],"wp:featuredmedia":[{"embeddable":true,"href":"https:\/\/ftgkallefall.com\/sv\/wp-json\/wp\/v2\/media\/6762"}],"wp:attachment":[{"href":"https:\/\/ftgkallefall.com\/sv\/wp-json\/wp\/v2\/media?parent=6794"}],"wp:term":[{"taxonomy":"product_cat","embeddable":true,"href":"https:\/\/ftgkallefall.com\/sv\/wp-json\/wp\/v2\/product_cat?post=6794"},{"taxonomy":"product_tag","embeddable":true,"href":"https:\/\/ftgkallefall.com\/sv\/wp-json\/wp\/v2\/product_tag?post=6794"}],"curies":[{"name":"wp","href":"https:\/\/api.w.org\/{rel}","templated":true}]}}